{"id":1808,"date":"2021-10-04T09:47:10","date_gmt":"2021-10-04T09:47:10","guid":{"rendered":"https:\/\/soledaddemo.pencidesign.net\/soledad-glasses-store\/?page_id=9"},"modified":"2025-05-15T11:59:51","modified_gmt":"2025-05-15T11:59:51","slug":"about-us","status":"publish","type":"page","link":"https:\/\/moosealgom.center\/?page_id=1808","title":{"rendered":"O nas"},"content":{"rendered":"\t\t<div data-elementor-type=\"wp-page\" data-elementor-id=\"1808\" class=\"elementor elementor-1808\">\n\t\t\t\t\t\t<section class=\"penci-section penci-dmcheck penci-elbg-activate penci-elbg-img penci-disSticky penci-structure-10 elementor-section elementor-top-section elementor-element elementor-element-c2f85e1 elementor-section-boxed elementor-section-height-default elementor-section-height-default\" data-id=\"c2f85e1\" data-element_type=\"section\" data-settings=\"{&quot;background_background&quot;:&quot;classic&quot;}\">\n\t\t\t\t\t\t\t<div class=\"elementor-background-overlay\"><\/div>\n\t\t\t\t\t\t\t<div class=\"elementor-container elementor-column-gap-no\">\n\t\t\t\t\t<div class=\"penci-ercol-100 penci-ercol-order-1 penci-sticky-ct    elementor-column elementor-col-100 elementor-top-column elementor-element elementor-element-ac85471\" data-id=\"ac85471\" data-element_type=\"column\">\n\t\t\t<div class=\"elementor-widget-wrap elementor-element-populated\">\n\t\t\t\t\t\t<div class=\"elementor-element elementor-element-5c63b06 elementor-widget elementor-widget-penci-fancy_heading\" data-id=\"5c63b06\" data-element_type=\"widget\" data-widget_type=\"penci-fancy_heading.default\">\n\t\t\t\t<div class=\"elementor-widget-container\">\n\t\t\t\t\t\t\t<div class=\"penci-fancy-heading penci-heading-text-center\">\n\t\t\t<div class=\"penci-fancy-heading-inner\">\n\t\t\t\t<h2 class=\"penci-heading-title\"><span class=\"inner-tit\">Dlaczego Klienci Nam Ufaj\u0105<\/span><\/h2><div class=\"penci-heading-content entry-content\"><p>Nasi klienci wybieraj\u0105 Moosealgom, poniewa\u017c oferujemy nie tylko us\u0142ugi, ale r\u00f3wnie\u017c spok\u00f3j i pewno\u015b\u0107, \u017ce wszystko b\u0119dzie idealnie zorganizowane. Nasze do\u015bwiadczenie i dedykowane podej\u015bcie sprawiaj\u0105, \u017ce ka\u017cdy projekt realizujemy z pasj\u0105 i precyzj\u0105.<\/p>\n<\/div>\t\t\t<\/div>\n\t\t<\/div>\n\t\t\t\t\t\t<\/div>\n\t\t\t\t<\/div>\n\t\t\t\t\t<\/div>\n\t\t<\/div>\n\t\t\t\t\t<\/div>\n\t\t<\/section>\n\t\t\t\t<section class=\"penci-section penci-disSticky penci-structure-20 elementor-section elementor-top-section elementor-element elementor-element-d7e7b92 elementor-section-full_width elementor-section-content-middle elementor-section-height-default elementor-section-height-default\" data-id=\"d7e7b92\" data-element_type=\"section\">\n\t\t\t\t\t\t<div class=\"elementor-container elementor-column-gap-no\">\n\t\t\t\t\t<div class=\"penci-ercol-50 penci-ercol-order-1 penci-sticky-ct    elementor-column elementor-col-50 elementor-top-column elementor-element elementor-element-e9124a6\" data-id=\"e9124a6\" data-element_type=\"column\">\n\t\t\t<div class=\"elementor-widget-wrap elementor-element-populated\">\n\t\t\t\t\t\t<section class=\"penci-section penci-disSticky penci-structure-20 elementor-section elementor-inner-section elementor-element elementor-element-30c6a3e elementor-section-boxed elementor-section-height-default elementor-section-height-default\" data-id=\"30c6a3e\" data-element_type=\"section\">\n\t\t\t\t\t\t<div class=\"elementor-container elementor-column-gap-wide\">\n\t\t\t\t\t<div class=\"penci-ercol-50 penci-ercol-order-1 penci-sticky-ct    elementor-column elementor-col-50 elementor-inner-column elementor-element elementor-element-0bc1022\" data-id=\"0bc1022\" data-element_type=\"column\">\n\t\t\t<div class=\"elementor-widget-wrap elementor-element-populated\">\n\t\t\t\t\t\t<div class=\"elementor-element elementor-element-1c22e3b elementor-widget elementor-widget-penci-fancy_heading\" data-id=\"1c22e3b\" data-element_type=\"widget\" data-widget_type=\"penci-fancy_heading.default\">\n\t\t\t\t<div class=\"elementor-widget-container\">\n\t\t\t\t\t\t\t<div class=\"penci-fancy-heading penci-heading-text-left\">\n\t\t\t<div class=\"penci-fancy-heading-inner\">\n\t\t\t\t<h2 class=\"penci-heading-title\"><span class=\"inner-tit\">Misja Moosealgom<\/span><\/h2><div class=\"penci-heading-content entry-content\"><p>Moosealgom powsta\u0142o z pasji do tworzenia wyj\u0105tkowych moment\u00f3w dla naszych klient\u00f3w. Nasza misja opiera si\u0119 na dostarczaniu najwy\u017cszej jako\u015bci us\u0142ug w bran\u017cy eventowej. Chcemy, aby ka\u017cde wydarzenie by\u0142o wyj\u0105tkowe i zapad\u0142o w pami\u0119\u0107 uczestnik\u00f3w. Wierzymy, \u017ce kluczem do sukcesu jest indywidualne podej\u015bcie do ka\u017cdego klienta. Nasz zesp\u00f3\u0142 sk\u0142ada si\u0119 z ludzi, kt\u00f3rzy s\u0105 ekspertami w swoich dziedzinach. Staramy si\u0119 stale rozwija\u0107 i wprowadza\u0107 nowe rozwi\u0105zania technologiczne. Dbamy o zr\u00f3wnowa\u017cony rozw\u00f3j, stosuj\u0105c ekologiczne praktyki w naszych projektach. Nasze us\u0142ugi s\u0105 dost\u0119pne zar\u00f3wno dla klient\u00f3w indywidualnych, jak i firmowych. Dzi\u0119ki naszemu do\u015bwiadczeniu mo\u017cemy zaoferowa\u0107 kompleksowe rozwi\u0105zania. Jeste\u015bmy dumni z tego, \u017ce nasi klienci polecaj\u0105 nas swoim znajomym.<\/p>\n<\/div>\t\t\t<\/div>\n\t\t<\/div>\n\t\t\t\t\t\t<\/div>\n\t\t\t\t<\/div>\n\t\t\t\t\t<\/div>\n\t\t<\/div>\n\t\t\t\t<div class=\"penci-ercol-50 penci-ercol-order-2 penci-sticky-ct    elementor-column elementor-col-50 elementor-inner-column elementor-element elementor-element-9d24e34\" data-id=\"9d24e34\" data-element_type=\"column\">\n\t\t\t<div class=\"elementor-widget-wrap elementor-element-populated\">\n\t\t\t\t\t\t<div class=\"elementor-element elementor-element-1c5a1ff elementor-widget elementor-widget-penci-fancy_heading\" data-id=\"1c5a1ff\" data-element_type=\"widget\" data-widget_type=\"penci-fancy_heading.default\">\n\t\t\t\t<div class=\"elementor-widget-container\">\n\t\t\t\t\t\t\t<div class=\"penci-fancy-heading penci-heading-text-left\">\n\t\t\t<div class=\"penci-fancy-heading-inner\">\n\t\t\t\t<h2 class=\"penci-heading-title\"><span class=\"inner-tit\">Jak Pracujemy<\/span><\/h2><div class=\"penci-heading-content entry-content\"><p>Proces organizacji eventu zaczynamy od dog\u0142\u0119bnego zapoznania si\u0119 z oczekiwaniami klienta. Nast\u0119pnie opracowujemy szczeg\u00f3\u0142owy plan dzia\u0142ania, uwzgl\u0119dniaj\u0105c bud\u017cet i czas realizacji. Nasz zesp\u00f3\u0142 projektuje dekoracje, dobiera menu oraz planuje rozk\u0142ad przestrzeni. Wsp\u00f3\u0142pracujemy z najlepszymi dostawcami w bran\u017cy, aby zapewni\u0107 najwy\u017csz\u0105 jako\u015b\u0107 us\u0142ug. Podczas realizacji imprezy dbamy o ka\u017cdy detal, aby wszystko przebiega\u0142o zgodnie z planem. Nasza obs\u0142uga go\u015bci jest zawsze profesjonalna i uprzejma. Po zako\u0144czeniu wydarzenia zbieramy feedback od klient\u00f3w, aby doskonali\u0107 nasze us\u0142ugi. Staramy si\u0119 by\u0107 elastyczni i dostosowywa\u0107 si\u0119 do zmieniaj\u0105cych si\u0119 potrzeb. Nasze relacje z klientami opieraj\u0105 si\u0119 na zaufaniu i transparentno\u015bci. Dzi\u0119ki temu budujemy d\u0142ugotrwa\u0142e partnerstwa biznesowe.<\/p>\n<\/div>\t\t\t<\/div>\n\t\t<\/div>\n\t\t\t\t\t\t<\/div>\n\t\t\t\t<\/div>\n\t\t\t\t\t<\/div>\n\t\t<\/div>\n\t\t\t\t\t<\/div>\n\t\t<\/section>\n\t\t\t\t<div class=\"elementor-element elementor-element-0440d47 elementor-invisible elementor-widget elementor-widget-penci-button\" data-id=\"0440d47\" data-element_type=\"widget\" data-settings=\"{&quot;_animation&quot;:&quot;fadeInUp&quot;}\" data-widget_type=\"penci-button.default\">\n\t\t\t\t<div class=\"elementor-widget-container\">\n\t\t\t\t\t\t\t<div class=\"pcbtn-wrapper pcbtn-align-center\">\n\t\t\t<a class=\"pcbtn pcbtn-icon-right pcbtn-bordered pcbtn-bstyle-solid elementor-animation-grow\" \n\t\t\t\t\t\t\t\t\t\t\t\thref=\"https:\/\/moosealgom.center\/?post_type=product\">\n\t\t\t\t<span class=\"pcbtn-wrapperin\">\n\t\t\t\t\t<span class=\"pcbtn-content\">\n\t\t\t\t\t\t\t\t\t\tWy\u015bwietl katalog\t\t\t<i class=\"fas fa-long-arrow-alt-right\"><\/i><\/span>\n\t\t\t\t\t\t\t\t\t<\/span>\n\t\t\t<\/a>\n\t\t<\/div>\n\t\t\t\t\t\t<\/div>\n\t\t\t\t<\/div>\n\t\t\t\t\t<\/div>\n\t\t<\/div>\n\t\t\t\t<div class=\"penci-ercol-50 penci-ercol-order-3 penci-sticky-ct    elementor-column elementor-col-50 elementor-top-column elementor-element elementor-element-b119f89\" data-id=\"b119f89\" data-element_type=\"column\">\n\t\t\t<div class=\"elementor-widget-wrap elementor-element-populated\">\n\t\t\t\t\t\t<div class=\"elementor-element elementor-element-412af0e elementor-widget elementor-widget-image\" data-id=\"412af0e\" data-element_type=\"widget\" data-widget_type=\"image.default\">\n\t\t\t\t<div class=\"elementor-widget-container\">\n\t\t\t\t\t\t\t\t\t\t\t\t\t\t\t<img fetchpriority=\"high\" decoding=\"async\" width=\"1024\" height=\"683\" src=\"https:\/\/moosealgom.center\/wp-content\/uploads\/2025\/05\/about-1024x683.jpg\" class=\"attachment-large size-large wp-image-1840\" alt=\"\" srcset=\"https:\/\/moosealgom.center\/wp-content\/uploads\/2025\/05\/about-1024x683.jpg 1024w, https:\/\/moosealgom.center\/wp-content\/uploads\/2025\/05\/about-300x200.jpg 300w, https:\/\/moosealgom.center\/wp-content\/uploads\/2025\/05\/about-600x400.jpg 600w, https:\/\/moosealgom.center\/wp-content\/uploads\/2025\/05\/about-768x512.jpg 768w, https:\/\/moosealgom.center\/wp-content\/uploads\/2025\/05\/about-1170x780.jpg 1170w, https:\/\/moosealgom.center\/wp-content\/uploads\/2025\/05\/about-585x390.jpg 585w, https:\/\/moosealgom.center\/wp-content\/uploads\/2025\/05\/about-263x175.jpg 263w, https:\/\/moosealgom.center\/wp-content\/uploads\/2025\/05\/about.jpg 1380w\" sizes=\"(max-width: 1024px) 100vw, 1024px\" \/>\t\t\t\t\t\t\t\t\t\t\t\t\t\t\t<\/div>\n\t\t\t\t<\/div>\n\t\t\t\t\t<\/div>\n\t\t<\/div>\n\t\t\t\t\t<\/div>\n\t\t<\/section>\n\t\t\t\t<\/div>\n\t\t","protected":false},"excerpt":{"rendered":"<p>Dlaczego Klienci Nam Ufaj\u0105 Nasi klienci wybieraj\u0105 Moosealgom, poniewa\u017c oferujemy nie tylko us\u0142ugi, ale r\u00f3wnie\u017c spok\u00f3j i pewno\u015b\u0107, \u017ce wszystko b\u0119dzie idealnie zorganizowane. Nasze do\u015bwiadczenie i dedykowane podej\u015bcie sprawiaj\u0105, \u017ce&hellip;<\/p>\n","protected":false},"author":1,"featured_media":0,"parent":0,"menu_order":0,"comment_status":"closed","ping_status":"closed","template":"page-fullwidth.php","meta":{"footnotes":""},"class_list":["post-1808","page","type-page","status-publish","hentry"],"_links":{"self":[{"href":"https:\/\/moosealgom.center\/index.php?rest_route=\/wp\/v2\/pages\/1808","targetHints":{"allow":["GET"]}}],"collection":[{"href":"https:\/\/moosealgom.center\/index.php?rest_route=\/wp\/v2\/pages"}],"about":[{"href":"https:\/\/moosealgom.center\/index.php?rest_route=\/wp\/v2\/types\/page"}],"author":[{"embeddable":true,"href":"https:\/\/moosealgom.center\/index.php?rest_route=\/wp\/v2\/users\/1"}],"replies":[{"embeddable":true,"href":"https:\/\/moosealgom.center\/index.php?rest_route=%2Fwp%2Fv2%2Fcomments&post=1808"}],"version-history":[{"count":11,"href":"https:\/\/moosealgom.center\/index.php?rest_route=\/wp\/v2\/pages\/1808\/revisions"}],"predecessor-version":[{"id":1947,"href":"https:\/\/moosealgom.center\/index.php?rest_route=\/wp\/v2\/pages\/1808\/revisions\/1947"}],"wp:attachment":[{"href":"https:\/\/moosealgom.center\/index.php?rest_route=%2Fwp%2Fv2%2Fmedia&parent=1808"}],"curies":[{"name":"wp","href":"https:\/\/api.w.org\/{rel}","templated":true}]}}