{"id":1855,"date":"2025-05-15T11:29:39","date_gmt":"2025-05-15T11:29:39","guid":{"rendered":"https:\/\/moosealgom.center\/?page_id=1855"},"modified":"2025-05-15T11:29:39","modified_gmt":"2025-05-15T11:29:39","slug":"polityka-dotyczaca-plikow-cookie","status":"publish","type":"page","link":"https:\/\/moosealgom.center\/?page_id=1855","title":{"rendered":"Polityka dotycz\u0105ca plik\u00f3w cookie"},"content":{"rendered":"<p>Niniejsza Polityka dotycz\u0105ca plik\u00f3w cookie wyja\u015bnia, czym s\u0105 pliki cookie i w jaki spos\u00f3b z nich korzystamy. U\u017cytkownik powinien zapozna\u0107 si\u0119 z niniejsz\u0105 polityk\u0105, aby zrozumie\u0107, jakiego rodzaju plik\u00f3w cookie u\u017cywamy lub jakie informacje zbieramy za pomoc\u0105 plik\u00f3w cookie i w jaki spos\u00f3b te informacje s\u0105 wykorzystywane.<\/p>\n<p>Pliki cookie zazwyczaj nie zawieraj\u0105 \u017cadnych informacji umo\u017cliwiaj\u0105cych identyfikacj\u0119 u\u017cytkownika, ale przechowywane przez nas dane osobowe u\u017cytkownika mog\u0105 by\u0107 powi\u0105zane z informacjami przechowywanymi w plikach cookie i uzyskiwanymi z nich. Wi\u0119cej informacji na temat tego, w jaki spos\u00f3b wykorzystujemy, przechowujemy i zabezpieczamy dane osobowe u\u017cytkownika, mo\u017cna znale\u017a\u0107 w naszej Polityce prywatno\u015bci.<\/p>\n<p>W u\u017cywanych przez nas plikach cookie nie przechowujemy wra\u017cliwych danych osobowych, takich jak adresy pocztowe, has\u0142a do kont itp.<\/p>\n<h2>Interpretacja i definicje<\/h2>\n<h3>Interpretacja<\/h3>\n<p>Wyrazy, kt\u00f3rych pierwsza litera jest pisana wielk\u0105 liter\u0105, maj\u0105 znaczenie zdefiniowane w nast\u0119puj\u0105cych warunkach. Poni\u017csze definicje maj\u0105 takie samo znaczenie niezale\u017cnie od tego, czy wyst\u0119puj\u0105 w liczbie pojedynczej czy mnogiej.<\/p>\n<h3>Definicje<\/h3>\n<p>Do cel\u00f3w niniejszej Polityki dotycz\u0105cej plik\u00f3w cookie:<\/p>\n<ul>\n<li><strong>Firma<\/strong> (okre\u015blana w niniejszych Zasadach dotycz\u0105cych plik\u00f3w cookie jako &quot;Firma&quot;, &quot;My&quot;, &quot;Nas&quot; lub &quot;Nasze&quot;) odnosi si\u0119 do Moosealgom Sp. z o.o., ul. Marsza\u0142kowska 100, Warszawa, Polska.<\/li>\n<li><strong>Pliki cookie<\/strong> to ma\u0142e pliki, kt\u00f3re s\u0105 umieszczane na komputerze u\u017cytkownika, urz\u0105dzeniu mobilnym lub innym urz\u0105dzeniu przez witryn\u0119 internetow\u0105, zawieraj\u0105ce mi\u0119dzy innymi szczeg\u00f3\u0142owe informacje o historii przegl\u0105dania tej witryny.<\/li>\n<li><strong>Strona internetowa<\/strong> odnosi si\u0119 do Moosealgom Sp. z o.o., dost\u0119pnej pod adresem <a href=\"https:\/\/moosealgom.center\" rel=\"external nofollow noopener\" target=\"_blank\">https:\/\/moosealgom.center\/.<\/a><\/li>\n<li><strong>U\u017cytkownik<\/strong> oznacza osob\u0119 fizyczn\u0105 uzyskuj\u0105c\u0105 dost\u0119p do Witryny lub korzystaj\u0105c\u0105 z niej, sp\u00f3\u0142k\u0119 lub podmiot prawny, w imieniu kt\u00f3rego taka osoba fizyczna uzyskuje dost\u0119p do Witryny lub korzysta z niej.<\/li>\n<\/ul>\n<h2>Korzystanie z plik\u00f3w cookie<\/h2>\n<h3>Rodzaj u\u017cywanych przez nas plik\u00f3w cookie<\/h3>\n<p>Pliki cookie mog\u0105 by\u0107 &quot;trwa\u0142e&quot; lub &quot;sesyjne&quot;. Trwa\u0142e pliki cookie pozostaj\u0105 na komputerze osobistym lub urz\u0105dzeniu mobilnym u\u017cytkownika po przej\u015bciu w tryb offline, natomiast sesyjne pliki cookie s\u0105 usuwane natychmiast po zamkni\u0119ciu przegl\u0105darki internetowej.<\/p>\n<p>U\u017cywamy zar\u00f3wno sesyjnych, jak i trwa\u0142ych plik\u00f3w cookie do cel\u00f3w okre\u015blonych poni\u017cej:<\/p>\n<ul>\n<li>\n<p><strong>Niezb\u0119dne pliki cookie<\/strong><\/p>\n<p>Typ: Pliki cookie sesji<\/p>\n<p>Administrowany przez: Nas<\/p>\n<p>Cel: Te pliki cookie s\u0105 niezb\u0119dne do \u015bwiadczenia us\u0142ug dost\u0119pnych za po\u015brednictwem Witryny i umo\u017cliwienia korzystania z niekt\u00f3rych jej funkcji. Pomagaj\u0105 one uwierzytelnia\u0107 u\u017cytkownik\u00f3w i zapobiega\u0107 nieuczciwemu korzystaniu z kont u\u017cytkownik\u00f3w. Bez tych plik\u00f3w cookie us\u0142ugi, o kt\u00f3re prosi\u0142e\u015b, nie mog\u0105 by\u0107 \u015bwiadczone, a my u\u017cywamy tych plik\u00f3w cookie wy\u0142\u0105cznie w celu \u015bwiadczenia tych us\u0142ug.<\/p>\n<\/li>\n<li>\n<p><strong>Funkcjonalne pliki cookie<\/strong><\/p>\n<p>Typ: Trwa\u0142e pliki cookie<\/p>\n<p>Administrowany przez: Nas<\/p>\n<p>Cel: Te pliki cookie umo\u017cliwiaj\u0105 nam zapami\u0119tywanie wybor\u00f3w dokonywanych przez u\u017cytkownika podczas korzystania z Witryny, takich jak zapami\u0119tywanie danych logowania lub preferencji j\u0119zykowych. Celem tych plik\u00f3w cookie jest zapewnienie u\u017cytkownikowi bardziej osobistego do\u015bwiadczenia i unikni\u0119cie konieczno\u015bci ponownego wprowadzania preferencji za ka\u017cdym razem, gdy korzysta z Witryny.<\/p>\n<\/li>\n<li>\n<p><strong>\u015aledz\u0105ce i wydajno\u015bciowe pliki cookie<\/strong><\/p>\n<p>Typ: Trwa\u0142e pliki cookie<\/p>\n<p>Administrowany przez: Strony trzecie<\/p>\n<p>Cel: Te pliki cookie s\u0142u\u017c\u0105 do \u015bledzenia informacji o ruchu w Witrynie i sposobie korzystania z niej przez u\u017cytkownik\u00f3w. Informacje gromadzone za po\u015brednictwem tych plik\u00f3w cookie mog\u0105 bezpo\u015brednio lub po\u015brednio identyfikowa\u0107 u\u017cytkownika jako indywidualnego odwiedzaj\u0105cego. Dzieje si\u0119 tak, poniewa\u017c zebrane informacje s\u0105 zazwyczaj powi\u0105zane z pseudonimowym identyfikatorem powi\u0105zanym z urz\u0105dzeniem u\u017cywanym do uzyskania dost\u0119pu do Witryny. Mo\u017cemy r\u00f3wnie\u017c wykorzystywa\u0107 te pliki cookie do testowania nowych reklam, stron, funkcji lub nowych funkcji Witryny, aby sprawdzi\u0107, jak reaguj\u0105 na nie nasi u\u017cytkownicy.<\/p>\n<\/li>\n<\/ul>\n<h3>Wyb\u00f3r u\u017cytkownika dotycz\u0105cy plik\u00f3w cookie<\/h3>\n<p>Je\u015bli U\u017cytkownik chce unikn\u0105\u0107 korzystania z plik\u00f3w cookie w Witrynie, musi najpierw wy\u0142\u0105czy\u0107 korzystanie z plik\u00f3w cookie w przegl\u0105darce, a nast\u0119pnie usun\u0105\u0107 pliki cookie zapisane w przegl\u0105darce zwi\u0105zane z t\u0105 witryn\u0105. U\u017cytkownik mo\u017ce skorzysta\u0107 z tej opcji w celu uniemo\u017cliwienia korzystania z plik\u00f3w cookie w dowolnym momencie.<\/p>\n<p>Je\u015bli u\u017cytkownik nie zaakceptuje naszych plik\u00f3w cookie, mo\u017ce do\u015bwiadczy\u0107 pewnych niedogodno\u015bci w korzystaniu z Witryny, a niekt\u00f3re funkcje mog\u0105 nie dzia\u0142a\u0107 prawid\u0142owo.<\/p>\n<p>Je\u015bli chcesz usun\u0105\u0107 pliki cookie lub poinstruowa\u0107 przegl\u0105dark\u0119 internetow\u0105, aby usuwa\u0142a lub odrzuca\u0142a pliki cookie, odwied\u017a strony pomocy przegl\u0105darki internetowej.<\/p>\n<p>W przypadku innych przegl\u0105darek internetowych nale\u017cy odwiedzi\u0107 ich oficjalne strony internetowe.<\/p>\n<h3>Kontakt<\/h3>\n<p>W przypadku jakichkolwiek pyta\u0144 dotycz\u0105cych niniejszej Polityki dotycz\u0105cej plik\u00f3w cookie mo\u017cna si\u0119 z nami skontaktowa\u0107:<\/p>\n<ul>\n<li>Poczt\u0105 elektroniczn\u0105: <a href=\"mailto:info@moosealgom.center\">info@moosealgom.center<\/a><\/li>\n<\/ul>\n","protected":false},"excerpt":{"rendered":"<p>Niniejsza Polityka dotycz\u0105ca plik\u00f3w cookie wyja\u015bnia, czym s\u0105 pliki cookie i w jaki spos\u00f3b z nich korzystamy. U\u017cytkownik powinien zapozna\u0107 si\u0119 z niniejsz\u0105 polityk\u0105, aby zrozumie\u0107, jakiego rodzaju plik\u00f3w cookie&hellip;<\/p>\n","protected":false},"author":1,"featured_media":0,"parent":0,"menu_order":0,"comment_status":"closed","ping_status":"closed","template":"","meta":{"footnotes":""},"class_list":["post-1855","page","type-page","status-publish","hentry"],"_links":{"self":[{"href":"https:\/\/moosealgom.center\/index.php?rest_route=\/wp\/v2\/pages\/1855","targetHints":{"allow":["GET"]}}],"collection":[{"href":"https:\/\/moosealgom.center\/index.php?rest_route=\/wp\/v2\/pages"}],"about":[{"href":"https:\/\/moosealgom.center\/index.php?rest_route=\/wp\/v2\/types\/page"}],"author":[{"embeddable":true,"href":"https:\/\/moosealgom.center\/index.php?rest_route=\/wp\/v2\/users\/1"}],"replies":[{"embeddable":true,"href":"https:\/\/moosealgom.center\/index.php?rest_route=%2Fwp%2Fv2%2Fcomments&post=1855"}],"version-history":[{"count":1,"href":"https:\/\/moosealgom.center\/index.php?rest_route=\/wp\/v2\/pages\/1855\/revisions"}],"predecessor-version":[{"id":1856,"href":"https:\/\/moosealgom.center\/index.php?rest_route=\/wp\/v2\/pages\/1855\/revisions\/1856"}],"wp:attachment":[{"href":"https:\/\/moosealgom.center\/index.php?rest_route=%2Fwp%2Fv2%2Fmedia&parent=1855"}],"curies":[{"name":"wp","href":"https:\/\/api.w.org\/{rel}","templated":true}]}}