{"id":21,"date":"2025-05-15T11:29:02","date_gmt":"2025-05-15T11:29:02","guid":{"rendered":"https:\/\/soledaddemo.pencidesign.net\/soledad-glasses-store\/?page_id=21"},"modified":"2025-05-15T11:29:02","modified_gmt":"2025-05-15T11:29:02","slug":"refund_returns","status":"publish","type":"page","link":"https:\/\/moosealgom.center\/?page_id=21","title":{"rendered":"Polityka zwrot\u00f3w"},"content":{"rendered":"<p>\n    1. Postanowienia og\u00f3lne<br \/>\n    <br \/>\n    Niniejsza polityka zwrot\u00f3w ma na celu okre\u015blenie procedur i warunk\u00f3w zwrot\u00f3w w przypadku, gdy klienci nie s\u0105 zadowoleni ze \u015bwiadczonych us\u0142ug. Polityka okre\u015bla jasne zasady i procedury, kt\u00f3re maj\u0105 zastosowanie do wniosk\u00f3w o zwrot koszt\u00f3w.\n<\/p>\n<p>2 Obowi\u0105zki<br \/>\n    <br \/>\n    Firma Moosealgom Sp. z o.o. zobowi\u0105zuje si\u0119 do \u015bwiadczenia wysokiej jako\u015bci us\u0142ug i przestrzegania wszystkich obowi\u0105zuj\u0105cych przepis\u00f3w i regulacji dotycz\u0105cych inwestycji.\n<\/p>\n<p>3. Zasady i warunki zwrot\u00f3w<br \/>\n    <br \/>\n    3.1 Niezamierzone transakcje: W przypadku niezamierzonych transakcji lub awarii technicznych, kt\u00f3re mog\u0105 skutkowa\u0107 utrat\u0105 \u015brodk\u00f3w, firma zobowi\u0105zuje si\u0119 do zwrotu utraconych \u015brodk\u00f3w w ca\u0142o\u015bci.<br \/>\n    <br \/>\n    3.2 Anulowanie transakcji: Klient ma prawo do anulowania transakcji w okre\u015blonym przedziale czasowym od momentu jej wykonania. Zwrot \u015brodk\u00f3w odbywa si\u0119 zgodnie z ustalonymi warunkami i prowizjami.<br \/>\n    <br \/>\n    3.3 Niezadowalaj\u0105ca jako\u015b\u0107 us\u0142ug: W przypadku, gdy klient nie jest zadowolony z jako\u015bci \u015bwiadczonych us\u0142ug, firma rozpatruje wniosek o zwrot pieni\u0119dzy indywidualnie i podejmuje decyzj\u0119 zgodnie z wewn\u0119trznymi procedurami.<br \/>\n    <br \/>\n    3.4 Niedozwolone transakcje: Zwroty nie b\u0119d\u0105 wydawane, je\u015bli transakcja by\u0142a zwi\u0105zana z nielegalnymi dzia\u0142aniami lub naruszeniem polityki firmy.\n<\/p>\n<p>4. Procedura zwrotu \u015brodk\u00f3w<br \/>\n    <br \/>\n    4.1 Z\u0142o\u017cenie wniosku: Klient sk\u0142ada wniosek o zwrot pieni\u0119dzy, kontaktuj\u0105c si\u0119 z zespo\u0142em pomocy technicznej za po\u015brednictwem podanych danych kontaktowych.<br \/>\n    <br \/>\n    4.2 Rozpatrzenie wniosku: Wniosek o zwrot koszt\u00f3w jest rozpatrywany przez firm\u0119 tak szybko, jak to mo\u017cliwe, zwykle w ci\u0105gu dw\u00f3ch tygodni roboczych.<br \/>\n    <br \/>\n    4.3 Decyzja: Po rozpatrzeniu wniosku firma zdecyduje, czy dokona\u0107 zwrotu, czy te\u017c wyja\u015bni\u0107 powody odmowy.<br \/>\n    <br \/>\n    4.4 Wyp\u0142ata \u015brodk\u00f3w: Je\u015bli decyzja jest pozytywna, firma dokonuje wyp\u0142aty \u015brodk\u00f3w na konto klienta tak szybko, jak to mo\u017cliwe.\n<\/p>\n<p>5. Warunki ko\u0144cowe<br \/>\n    <br \/>\n    Niniejsza Polityka zwrot\u00f3w stanowi integraln\u0105 cz\u0119\u015b\u0107 og\u00f3lnych warunk\u00f3w u\u017cytkowania. Firma zastrzega sobie prawo do wprowadzania zmian w polityce bez wcze\u015bniejszego powiadomienia, ale zmiany zostan\u0105 opublikowane na oficjalnej stronie internetowej firmy.<\/p>\n","protected":false},"excerpt":{"rendered":"<p>1. Postanowienia og\u00f3lne Niniejsza polityka zwrot\u00f3w ma na celu okre\u015blenie procedur i warunk\u00f3w zwrot\u00f3w w przypadku, gdy klienci nie s\u0105 zadowoleni ze \u015bwiadczonych us\u0142ug. Polityka okre\u015bla jasne zasady i procedury,&hellip;<\/p>\n","protected":false},"author":1,"featured_media":0,"parent":0,"menu_order":0,"comment_status":"closed","ping_status":"closed","template":"","meta":{"footnotes":""},"class_list":["post-21","page","type-page","status-publish","hentry"],"_links":{"self":[{"href":"https:\/\/moosealgom.center\/index.php?rest_route=\/wp\/v2\/pages\/21","targetHints":{"allow":["GET"]}}],"collection":[{"href":"https:\/\/moosealgom.center\/index.php?rest_route=\/wp\/v2\/pages"}],"about":[{"href":"https:\/\/moosealgom.center\/index.php?rest_route=\/wp\/v2\/types\/page"}],"author":[{"embeddable":true,"href":"https:\/\/moosealgom.center\/index.php?rest_route=\/wp\/v2\/users\/1"}],"replies":[{"embeddable":true,"href":"https:\/\/moosealgom.center\/index.php?rest_route=%2Fwp%2Fv2%2Fcomments&post=21"}],"version-history":[{"count":1,"href":"https:\/\/moosealgom.center\/index.php?rest_route=\/wp\/v2\/pages\/21\/revisions"}],"predecessor-version":[{"id":1852,"href":"https:\/\/moosealgom.center\/index.php?rest_route=\/wp\/v2\/pages\/21\/revisions\/1852"}],"wp:attachment":[{"href":"https:\/\/moosealgom.center\/index.php?rest_route=%2Fwp%2Fv2%2Fmedia&parent=21"}],"curies":[{"name":"wp","href":"https:\/\/api.w.org\/{rel}","templated":true}]}}