{"id":1859,"date":"2025-05-15T11:32:09","date_gmt":"2025-05-15T11:32:09","guid":{"rendered":"https:\/\/moosealgom.center\/?post_type=product&#038;p=1859"},"modified":"2025-05-15T11:43:36","modified_gmt":"2025-05-15T11:43:36","slug":"lampiony-dekoracyjne-wiszace","status":"publish","type":"product","link":"https:\/\/moosealgom.center\/?product=lampiony-dekoracyjne-wiszace","title":{"rendered":"Lampiony Dekoracyjne Wisz\u0105ce"},"content":{"rendered":"<p>Lampiony wisz\u0105ce to idealne rozwi\u0105zanie dla tych, kt\u00f3rzy chc\u0105 stworzy\u0107 magiczn\u0105 atmosfer\u0119 podczas wieczornych wydarze\u0144. Nasze lampiony wykonane s\u0105 z trwa\u0142ego papieru ry\u017cowego, kt\u00f3ry jest zar\u00f3wno lekki, jak i odporny na warunki zewn\u0119trzne. Dost\u0119pne w trzech rozmiarach: ma\u0142y (20 cm), \u015bredni (30 cm) i du\u017cy (40 cm). Zestaw zawiera 10 lampion\u00f3w w pi\u0119knych pastelowych kolorach.<\/p>\n","protected":false},"excerpt":{"rendered":"<p>Lampiony wisz\u0105ce to idealne rozwi\u0105zanie dla tych, kt\u00f3rzy chc\u0105 stworzy\u0107 magiczn\u0105 atmosfer\u0119 podczas wieczornych wydarze\u0144. Nasze lampiony wykonane s\u0105 z trwa\u0142ego papieru ry\u017cowego, kt\u00f3ry jest zar\u00f3wno lekki, jak i odporny&hellip;<\/p>\n","protected":false},"featured_media":1900,"template":"","meta":[],"product_brand":[],"product_cat":[23],"product_tag":[],"class_list":{"0":"post-1859","1":"product","2":"type-product","3":"status-publish","4":"has-post-thumbnail","6":"product_cat-uncategorized","8":"first","9":"instock","10":"sale","11":"shipping-taxable","12":"purchasable","13":"product-type-simple"},"_links":{"self":[{"href":"https:\/\/moosealgom.center\/index.php?rest_route=\/wp\/v2\/product\/1859","targetHints":{"allow":["GET"]}}],"collection":[{"href":"https:\/\/moosealgom.center\/index.php?rest_route=\/wp\/v2\/product"}],"about":[{"href":"https:\/\/moosealgom.center\/index.php?rest_route=\/wp\/v2\/types\/product"}],"wp:featuredmedia":[{"embeddable":true,"href":"https:\/\/moosealgom.center\/index.php?rest_route=\/wp\/v2\/media\/1900"}],"wp:attachment":[{"href":"https:\/\/moosealgom.center\/index.php?rest_route=%2Fwp%2Fv2%2Fmedia&parent=1859"}],"wp:term":[{"taxonomy":"product_brand","embeddable":true,"href":"https:\/\/moosealgom.center\/index.php?rest_route=%2Fwp%2Fv2%2Fproduct_brand&post=1859"},{"taxonomy":"product_cat","embeddable":true,"href":"https:\/\/moosealgom.center\/index.php?rest_route=%2Fwp%2Fv2%2Fproduct_cat&post=1859"},{"taxonomy":"product_tag","embeddable":true,"href":"https:\/\/moosealgom.center\/index.php?rest_route=%2Fwp%2Fv2%2Fproduct_tag&post=1859"}],"curies":[{"name":"wp","href":"https:\/\/api.w.org\/{rel}","templated":true}]}}