{"id":1863,"date":"2025-05-15T11:33:07","date_gmt":"2025-05-15T11:33:07","guid":{"rendered":"https:\/\/moosealgom.center\/?post_type=product&#038;p=1863"},"modified":"2025-05-15T11:33:07","modified_gmt":"2025-05-15T11:33:07","slug":"stojak-elegancki-na-kartki","status":"publish","type":"product","link":"https:\/\/moosealgom.center\/?product=stojak-elegancki-na-kartki","title":{"rendered":"Stojak Elegancki na Kartki"},"content":{"rendered":"<p>Stojak na kartki to praktyczne i estetyczne rozwi\u0105zanie, kt\u00f3re dope\u0142ni aran\u017cacj\u0119 ka\u017cdego eventu. Wykonany z naturalnego drewna, pasuje zar\u00f3wno do wystroju \u015blubnego, jak i spotka\u0144 firmowych. Idealny do prezentacji menu, nazwisk go\u015bci czy wa\u017cnych informacji. Wymiary: 25 cm wysoko\u015bci i 15 cm szeroko\u015bci.<\/p>\n","protected":false},"excerpt":{"rendered":"<p>Stojak na kartki to praktyczne i estetyczne rozwi\u0105zanie, kt\u00f3re dope\u0142ni aran\u017cacj\u0119 ka\u017cdego eventu. Wykonany z naturalnego drewna, pasuje zar\u00f3wno do wystroju \u015blubnego, jak i spotka\u0144 firmowych. Idealny do prezentacji menu,&hellip;<\/p>\n","protected":false},"featured_media":1864,"template":"","meta":[],"product_brand":[],"product_cat":[23],"product_tag":[],"class_list":{"0":"post-1863","1":"product","2":"type-product","3":"status-publish","4":"has-post-thumbnail","6":"product_cat-uncategorized","8":"first","9":"instock","10":"shipping-taxable","11":"purchasable","12":"product-type-simple"},"_links":{"self":[{"href":"https:\/\/moosealgom.center\/index.php?rest_route=\/wp\/v2\/product\/1863","targetHints":{"allow":["GET"]}}],"collection":[{"href":"https:\/\/moosealgom.center\/index.php?rest_route=\/wp\/v2\/product"}],"about":[{"href":"https:\/\/moosealgom.center\/index.php?rest_route=\/wp\/v2\/types\/product"}],"wp:featuredmedia":[{"embeddable":true,"href":"https:\/\/moosealgom.center\/index.php?rest_route=\/wp\/v2\/media\/1864"}],"wp:attachment":[{"href":"https:\/\/moosealgom.center\/index.php?rest_route=%2Fwp%2Fv2%2Fmedia&parent=1863"}],"wp:term":[{"taxonomy":"product_brand","embeddable":true,"href":"https:\/\/moosealgom.center\/index.php?rest_route=%2Fwp%2Fv2%2Fproduct_brand&post=1863"},{"taxonomy":"product_cat","embeddable":true,"href":"https:\/\/moosealgom.center\/index.php?rest_route=%2Fwp%2Fv2%2Fproduct_cat&post=1863"},{"taxonomy":"product_tag","embeddable":true,"href":"https:\/\/moosealgom.center\/index.php?rest_route=%2Fwp%2Fv2%2Fproduct_tag&post=1863"}],"curies":[{"name":"wp","href":"https:\/\/api.w.org\/{rel}","templated":true}]}}