{"id":1865,"date":"2025-05-15T11:34:19","date_gmt":"2025-05-15T11:34:19","guid":{"rendered":"https:\/\/moosealgom.center\/?post_type=product&#038;p=1865"},"modified":"2025-05-15T11:34:19","modified_gmt":"2025-05-15T11:34:19","slug":"balony-literowe-love","status":"publish","type":"product","link":"https:\/\/moosealgom.center\/?product=balony-literowe-love","title":{"rendered":"Balony Literowe LOVE"},"content":{"rendered":"<p>Balony w kszta\u0142cie s\u0142owa &#8222;LOVE&#8221; to doskona\u0142y spos\u00f3b na udekorowanie romantycznej imprezy, wesela czy przyj\u0119cia okoliczno\u015bciowego. Wykonane z wysokiej jako\u015bci folii, kt\u00f3re utrzymuj\u0105 sw\u00f3j kszta\u0142t przez wiele godzin. Zestaw zawiera 4 balony (L-O-V-E) oraz sznurek do zawieszenia. Wymiary ka\u017cdego balonu: 40 cm.<\/p>\n","protected":false},"excerpt":{"rendered":"<p>Balony w kszta\u0142cie s\u0142owa &#8222;LOVE&#8221; to doskona\u0142y spos\u00f3b na udekorowanie romantycznej imprezy, wesela czy przyj\u0119cia okoliczno\u015bciowego. Wykonane z wysokiej jako\u015bci folii, kt\u00f3re utrzymuj\u0105 sw\u00f3j kszta\u0142t przez wiele godzin. Zestaw zawiera&hellip;<\/p>\n","protected":false},"featured_media":1866,"template":"","meta":[],"product_brand":[],"product_cat":[23],"product_tag":[],"class_list":{"0":"post-1865","1":"product","2":"type-product","3":"status-publish","4":"has-post-thumbnail","6":"product_cat-uncategorized","8":"first","9":"instock","10":"sale","11":"shipping-taxable","12":"purchasable","13":"product-type-simple"},"_links":{"self":[{"href":"https:\/\/moosealgom.center\/index.php?rest_route=\/wp\/v2\/product\/1865","targetHints":{"allow":["GET"]}}],"collection":[{"href":"https:\/\/moosealgom.center\/index.php?rest_route=\/wp\/v2\/product"}],"about":[{"href":"https:\/\/moosealgom.center\/index.php?rest_route=\/wp\/v2\/types\/product"}],"wp:featuredmedia":[{"embeddable":true,"href":"https:\/\/moosealgom.center\/index.php?rest_route=\/wp\/v2\/media\/1866"}],"wp:attachment":[{"href":"https:\/\/moosealgom.center\/index.php?rest_route=%2Fwp%2Fv2%2Fmedia&parent=1865"}],"wp:term":[{"taxonomy":"product_brand","embeddable":true,"href":"https:\/\/moosealgom.center\/index.php?rest_route=%2Fwp%2Fv2%2Fproduct_brand&post=1865"},{"taxonomy":"product_cat","embeddable":true,"href":"https:\/\/moosealgom.center\/index.php?rest_route=%2Fwp%2Fv2%2Fproduct_cat&post=1865"},{"taxonomy":"product_tag","embeddable":true,"href":"https:\/\/moosealgom.center\/index.php?rest_route=%2Fwp%2Fv2%2Fproduct_tag&post=1865"}],"curies":[{"name":"wp","href":"https:\/\/api.w.org\/{rel}","templated":true}]}}