{"id":1869,"date":"2025-05-15T11:38:32","date_gmt":"2025-05-15T11:38:32","guid":{"rendered":"https:\/\/moosealgom.center\/?post_type=product&#038;p=1869"},"modified":"2025-05-15T11:38:32","modified_gmt":"2025-05-15T11:38:32","slug":"krzeslo-chiavari-biale","status":"publish","type":"product","link":"https:\/\/moosealgom.center\/?product=krzeslo-chiavari-biale","title":{"rendered":"Krzes\u0142o Chiavari Bia\u0142e"},"content":{"rendered":"<p>Krzes\u0142o Chiavari to klasyka w organizacji eleganckich imprez. Wykonane z trwa\u0142ego materia\u0142u, zapewnia komfort podczas d\u0142ugich uroczysto\u015bci. Bia\u0142e krzes\u0142a idealnie wpisuj\u0105 si\u0119 w wystroje \u015blubne, galowe czy bankietowe. Mo\u017cliwo\u015b\u0107 wynajmu w zestawach po 10 sztuk. Wymiary: 90 cm wysoko\u015bci.<\/p>\n","protected":false},"excerpt":{"rendered":"<p>Krzes\u0142o Chiavari to klasyka w organizacji eleganckich imprez. Wykonane z trwa\u0142ego materia\u0142u, zapewnia komfort podczas d\u0142ugich uroczysto\u015bci. Bia\u0142e krzes\u0142a idealnie wpisuj\u0105 si\u0119 w wystroje \u015blubne, galowe czy bankietowe. Mo\u017cliwo\u015b\u0107 wynajmu&hellip;<\/p>\n","protected":false},"featured_media":1875,"template":"","meta":[],"product_brand":[],"product_cat":[23],"product_tag":[],"class_list":{"0":"post-1869","1":"product","2":"type-product","3":"status-publish","4":"has-post-thumbnail","6":"product_cat-uncategorized","8":"first","9":"instock","10":"shipping-taxable","11":"purchasable","12":"product-type-simple"},"_links":{"self":[{"href":"https:\/\/moosealgom.center\/index.php?rest_route=\/wp\/v2\/product\/1869","targetHints":{"allow":["GET"]}}],"collection":[{"href":"https:\/\/moosealgom.center\/index.php?rest_route=\/wp\/v2\/product"}],"about":[{"href":"https:\/\/moosealgom.center\/index.php?rest_route=\/wp\/v2\/types\/product"}],"wp:featuredmedia":[{"embeddable":true,"href":"https:\/\/moosealgom.center\/index.php?rest_route=\/wp\/v2\/media\/1875"}],"wp:attachment":[{"href":"https:\/\/moosealgom.center\/index.php?rest_route=%2Fwp%2Fv2%2Fmedia&parent=1869"}],"wp:term":[{"taxonomy":"product_brand","embeddable":true,"href":"https:\/\/moosealgom.center\/index.php?rest_route=%2Fwp%2Fv2%2Fproduct_brand&post=1869"},{"taxonomy":"product_cat","embeddable":true,"href":"https:\/\/moosealgom.center\/index.php?rest_route=%2Fwp%2Fv2%2Fproduct_cat&post=1869"},{"taxonomy":"product_tag","embeddable":true,"href":"https:\/\/moosealgom.center\/index.php?rest_route=%2Fwp%2Fv2%2Fproduct_tag&post=1869"}],"curies":[{"name":"wp","href":"https:\/\/api.w.org\/{rel}","templated":true}]}}