{"id":1883,"date":"2025-05-15T11:40:37","date_gmt":"2025-05-15T11:40:37","guid":{"rendered":"https:\/\/moosealgom.center\/?post_type=product&#038;p=1883"},"modified":"2025-05-15T11:40:37","modified_gmt":"2025-05-15T11:40:37","slug":"swiece-w-kloszach-dekoracyjne","status":"publish","type":"product","link":"https:\/\/moosealgom.center\/?product=swiece-w-kloszach-dekoracyjne","title":{"rendered":"\u015awiece w Kloszach Dekoracyjne"},"content":{"rendered":"<p>\u015awiece w kloszach to idealny spos\u00f3b na stworzenie ciep\u0142ej i przytulnej atmosfery podczas wieczornych wydarze\u0144. Zestaw sk\u0142ada si\u0119 z trzech \u015bwiec o r\u00f3\u017cnych rozmiarach, umieszczonych na drewnianej podstawie. \u015awiece wykonane s\u0105 z naturalnego wosku, a klosze zabezpieczaj\u0105 je przed wiatrem. Wymiary zestawu: 40&#215;20 cm.<\/p>\n","protected":false},"excerpt":{"rendered":"<p>\u015awiece w kloszach to idealny spos\u00f3b na stworzenie ciep\u0142ej i przytulnej atmosfery podczas wieczornych wydarze\u0144. Zestaw sk\u0142ada si\u0119 z trzech \u015bwiec o r\u00f3\u017cnych rozmiarach, umieszczonych na drewnianej podstawie. \u015awiece wykonane&hellip;<\/p>\n","protected":false},"featured_media":1888,"template":"","meta":[],"product_brand":[],"product_cat":[23],"product_tag":[],"class_list":{"0":"post-1883","1":"product","2":"type-product","3":"status-publish","4":"has-post-thumbnail","6":"product_cat-uncategorized","8":"first","9":"instock","10":"shipping-taxable","11":"purchasable","12":"product-type-simple"},"_links":{"self":[{"href":"https:\/\/moosealgom.center\/index.php?rest_route=\/wp\/v2\/product\/1883","targetHints":{"allow":["GET"]}}],"collection":[{"href":"https:\/\/moosealgom.center\/index.php?rest_route=\/wp\/v2\/product"}],"about":[{"href":"https:\/\/moosealgom.center\/index.php?rest_route=\/wp\/v2\/types\/product"}],"wp:featuredmedia":[{"embeddable":true,"href":"https:\/\/moosealgom.center\/index.php?rest_route=\/wp\/v2\/media\/1888"}],"wp:attachment":[{"href":"https:\/\/moosealgom.center\/index.php?rest_route=%2Fwp%2Fv2%2Fmedia&parent=1883"}],"wp:term":[{"taxonomy":"product_brand","embeddable":true,"href":"https:\/\/moosealgom.center\/index.php?rest_route=%2Fwp%2Fv2%2Fproduct_brand&post=1883"},{"taxonomy":"product_cat","embeddable":true,"href":"https:\/\/moosealgom.center\/index.php?rest_route=%2Fwp%2Fv2%2Fproduct_cat&post=1883"},{"taxonomy":"product_tag","embeddable":true,"href":"https:\/\/moosealgom.center\/index.php?rest_route=%2Fwp%2Fv2%2Fproduct_tag&post=1883"}],"curies":[{"name":"wp","href":"https:\/\/api.w.org\/{rel}","templated":true}]}}