{"id":1890,"date":"2025-05-15T11:41:35","date_gmt":"2025-05-15T11:41:35","guid":{"rendered":"https:\/\/moosealgom.center\/?post_type=product&#038;p=1890"},"modified":"2025-05-15T11:41:35","modified_gmt":"2025-05-15T11:41:35","slug":"transparent-urodzinowy-happy-birthday","status":"publish","type":"product","link":"https:\/\/moosealgom.center\/?product=transparent-urodzinowy-happy-birthday","title":{"rendered":"Transparent Urodzinowy Happy Birthday"},"content":{"rendered":"<p>Transparent &#8222;Happy Birthday&#8221; to szybki i efektowny spos\u00f3b na dekoracj\u0119 imprezy urodzinowej. Wykonany z trwa\u0142ej folii, kt\u00f3ry mo\u017cna zawiesi\u0107 na \u015bcianie lub w ogrodzie. Dodatkowo ozdobiony kolorowymi gwiazdkami, kt\u00f3re dodaj\u0105 rado\u015bci. Wymiary: 3 metry d\u0142ugo\u015bci.<\/p>\n","protected":false},"excerpt":{"rendered":"<p>Transparent &#8222;Happy Birthday&#8221; to szybki i efektowny spos\u00f3b na dekoracj\u0119 imprezy urodzinowej. Wykonany z trwa\u0142ej folii, kt\u00f3ry mo\u017cna zawiesi\u0107 na \u015bcianie lub w ogrodzie. Dodatkowo ozdobiony kolorowymi gwiazdkami, kt\u00f3re dodaj\u0105&hellip;<\/p>\n","protected":false},"featured_media":1891,"template":"","meta":[],"product_brand":[],"product_cat":[23],"product_tag":[],"class_list":{"0":"post-1890","1":"product","2":"type-product","3":"status-publish","4":"has-post-thumbnail","6":"product_cat-uncategorized","8":"first","9":"instock","10":"shipping-taxable","11":"purchasable","12":"product-type-simple"},"_links":{"self":[{"href":"https:\/\/moosealgom.center\/index.php?rest_route=\/wp\/v2\/product\/1890","targetHints":{"allow":["GET"]}}],"collection":[{"href":"https:\/\/moosealgom.center\/index.php?rest_route=\/wp\/v2\/product"}],"about":[{"href":"https:\/\/moosealgom.center\/index.php?rest_route=\/wp\/v2\/types\/product"}],"wp:featuredmedia":[{"embeddable":true,"href":"https:\/\/moosealgom.center\/index.php?rest_route=\/wp\/v2\/media\/1891"}],"wp:attachment":[{"href":"https:\/\/moosealgom.center\/index.php?rest_route=%2Fwp%2Fv2%2Fmedia&parent=1890"}],"wp:term":[{"taxonomy":"product_brand","embeddable":true,"href":"https:\/\/moosealgom.center\/index.php?rest_route=%2Fwp%2Fv2%2Fproduct_brand&post=1890"},{"taxonomy":"product_cat","embeddable":true,"href":"https:\/\/moosealgom.center\/index.php?rest_route=%2Fwp%2Fv2%2Fproduct_cat&post=1890"},{"taxonomy":"product_tag","embeddable":true,"href":"https:\/\/moosealgom.center\/index.php?rest_route=%2Fwp%2Fv2%2Fproduct_tag&post=1890"}],"curies":[{"name":"wp","href":"https:\/\/api.w.org\/{rel}","templated":true}]}}