{"id":1904,"date":"2025-05-15T11:44:36","date_gmt":"2025-05-15T11:44:36","guid":{"rendered":"https:\/\/moosealgom.center\/?post_type=product&#038;p=1904"},"modified":"2025-05-15T11:44:36","modified_gmt":"2025-05-15T11:44:36","slug":"skrzynka-pamiatkowa-memory-box","status":"publish","type":"product","link":"https:\/\/moosealgom.center\/?product=skrzynka-pamiatkowa-memory-box","title":{"rendered":"Skrzynka Pami\u0105tkowa Memory Box"},"content":{"rendered":"<p>Skrzynka pami\u0105tkowa to idealny dodatek do \u015blub\u00f3w, rocznic czy innych wyj\u0105tkowych wydarze\u0144. Wykonana z naturalnego drewna, posiada elegancki napis &#8222;Memory Box&#8221;. Doskona\u0142a do przechowywania zdj\u0119\u0107, kartek od go\u015bci czy drobnych pami\u0105tek. Wymiary: 30x30x20 cm.<\/p>\n","protected":false},"excerpt":{"rendered":"<p>Skrzynka pami\u0105tkowa to idealny dodatek do \u015blub\u00f3w, rocznic czy innych wyj\u0105tkowych wydarze\u0144. Wykonana z naturalnego drewna, posiada elegancki napis &#8222;Memory Box&#8221;. Doskona\u0142a do przechowywania zdj\u0119\u0107, kartek od go\u015bci czy drobnych&hellip;<\/p>\n","protected":false},"featured_media":1905,"template":"","meta":[],"product_brand":[],"product_cat":[23],"product_tag":[],"class_list":{"0":"post-1904","1":"product","2":"type-product","3":"status-publish","4":"has-post-thumbnail","6":"product_cat-uncategorized","8":"first","9":"instock","10":"shipping-taxable","11":"purchasable","12":"product-type-simple"},"_links":{"self":[{"href":"https:\/\/moosealgom.center\/index.php?rest_route=\/wp\/v2\/product\/1904","targetHints":{"allow":["GET"]}}],"collection":[{"href":"https:\/\/moosealgom.center\/index.php?rest_route=\/wp\/v2\/product"}],"about":[{"href":"https:\/\/moosealgom.center\/index.php?rest_route=\/wp\/v2\/types\/product"}],"wp:featuredmedia":[{"embeddable":true,"href":"https:\/\/moosealgom.center\/index.php?rest_route=\/wp\/v2\/media\/1905"}],"wp:attachment":[{"href":"https:\/\/moosealgom.center\/index.php?rest_route=%2Fwp%2Fv2%2Fmedia&parent=1904"}],"wp:term":[{"taxonomy":"product_brand","embeddable":true,"href":"https:\/\/moosealgom.center\/index.php?rest_route=%2Fwp%2Fv2%2Fproduct_brand&post=1904"},{"taxonomy":"product_cat","embeddable":true,"href":"https:\/\/moosealgom.center\/index.php?rest_route=%2Fwp%2Fv2%2Fproduct_cat&post=1904"},{"taxonomy":"product_tag","embeddable":true,"href":"https:\/\/moosealgom.center\/index.php?rest_route=%2Fwp%2Fv2%2Fproduct_tag&post=1904"}],"curies":[{"name":"wp","href":"https:\/\/api.w.org\/{rel}","templated":true}]}}